{"id":4645,"date":"2025-10-28T20:57:36","date_gmt":"2025-10-28T20:57:36","guid":{"rendered":"https:\/\/radiomvida.com\/?page_id=4645"},"modified":"2025-10-29T20:20:02","modified_gmt":"2025-10-29T20:20:02","slug":"sobre-nosotros","status":"publish","type":"page","link":"https:\/\/radiomvida.com\/?page_id=4645","title":{"rendered":"SOBRE NOSOTROS"},"content":{"rendered":"\t\t<div data-elementor-type=\"wp-page\" data-elementor-id=\"4645\" class=\"elementor elementor-4645\">\n\t\t\t\t\t\t<section class=\"has_eae_slider elementor-section elementor-top-section elementor-element elementor-element-d305d34 elementor-section-height-min-height elementor-section-boxed elementor-section-height-default elementor-section-items-middle\" data-eae-slider=\"10518\" data-id=\"d305d34\" data-element_type=\"section\" data-settings=\"{&quot;background_background&quot;:&quot;slideshow&quot;,&quot;background_slideshow_gallery&quot;:[{&quot;id&quot;:4449,&quot;url&quot;:&quot;https:\\\/\\\/radiomvida.com\\\/wp-content\\\/uploads\\\/2025\\\/10\\\/Imagen-de-WhatsApp-2025-08-29-a-las-13.08.56_f556dcf1.jpg&quot;},{&quot;id&quot;:4450,&quot;url&quot;:&quot;https:\\\/\\\/radiomvida.com\\\/wp-content\\\/uploads\\\/2025\\\/10\\\/Imagen-de-WhatsApp-2025-08-29-a-las-13.09.00_5fcdb8eb.jpg&quot;},{&quot;id&quot;:4451,&quot;url&quot;:&quot;https:\\\/\\\/radiomvida.com\\\/wp-content\\\/uploads\\\/2025\\\/10\\\/Imagen-de-WhatsApp-2025-08-29-a-las-13.09.05_60f04f37.jpg&quot;}],&quot;background_slideshow_slide_duration&quot;:3000,&quot;background_slideshow_loop&quot;:&quot;yes&quot;,&quot;background_slideshow_slide_transition&quot;:&quot;fade&quot;,&quot;background_slideshow_transition_duration&quot;:500}\">\n\t\t\t\t\t\t\t<div class=\"elementor-background-overlay\"><\/div>\n\t\t\t\t\t\t\t<div class=\"elementor-container elementor-column-gap-default\">\n\t\t\t\t\t<div class=\"has_eae_slider elementor-column elementor-col-100 elementor-top-column elementor-element elementor-element-e23609a\" data-eae-slider=\"61998\" data-id=\"e23609a\" data-element_type=\"column\">\n\t\t\t<div class=\"elementor-widget-wrap elementor-element-populated\">\n\t\t\t\t\t\t<div class=\"elementor-element elementor-element-5827946 elementor-widget elementor-widget-heading\" data-id=\"5827946\" data-element_type=\"widget\" data-widget_type=\"heading.default\">\n\t\t\t\t<div class=\"elementor-widget-container\">\n\t\t\t\t\t<h2 class=\"elementor-heading-title elementor-size-default\">IGLESIA RIOS DE AGUA VIVA<BR> RADIO M VIDA<\/h2>\t\t\t\t<\/div>\n\t\t\t\t<\/div>\n\t\t\t\t\t<\/div>\n\t\t<\/div>\n\t\t\t\t\t<\/div>\n\t\t<\/section>\n\t\t\t\t<section class=\"has_eae_slider elementor-section elementor-top-section elementor-element elementor-element-53f3c27 elementor-section-boxed elementor-section-height-default elementor-section-height-default\" data-eae-slider=\"35987\" data-id=\"53f3c27\" data-element_type=\"section\">\n\t\t\t\t\t\t<div class=\"elementor-container elementor-column-gap-default\">\n\t\t\t\t\t<div class=\"has_eae_slider elementor-column elementor-col-50 elementor-top-column elementor-element elementor-element-b8f1d94\" data-eae-slider=\"40428\" data-id=\"b8f1d94\" data-element_type=\"column\">\n\t\t\t<div class=\"elementor-widget-wrap elementor-element-populated\">\n\t\t\t\t\t\t<div class=\"elementor-element elementor-element-d77506e elementor-widget elementor-widget-image\" data-id=\"d77506e\" data-element_type=\"widget\" data-widget_type=\"image.default\">\n\t\t\t\t<div class=\"elementor-widget-container\">\n\t\t\t\t\t\t\t\t\t\t\t\t\t\t\t<img decoding=\"async\" src=\"https:\/\/radiomvida.com\/wp-content\/uploads\/elementor\/thumbs\/Imagen-de-WhatsApp-2025-08-29-a-las-13.09.05_60f04f37-rdvrqgi78j5tnmmhbwr1u0bgb2dcasu02go8uaag8c.jpg\" title=\"Imagen de WhatsApp 2025-08-29 a las 13.09.05_60f04f37\" alt=\"Imagen de WhatsApp 2025-08-29 a las 13.09.05_60f04f37\" loading=\"lazy\" \/>\t\t\t\t\t\t\t\t\t\t\t\t\t\t\t<\/div>\n\t\t\t\t<\/div>\n\t\t\t\t\t<\/div>\n\t\t<\/div>\n\t\t\t\t<div class=\"has_eae_slider elementor-column elementor-col-50 elementor-top-column elementor-element elementor-element-ba7fd9e\" data-eae-slider=\"79578\" data-id=\"ba7fd9e\" data-element_type=\"column\">\n\t\t\t<div class=\"elementor-widget-wrap elementor-element-populated\">\n\t\t\t\t\t\t<div class=\"elementor-element elementor-element-7ef09a5 elementor-widget elementor-widget-heading\" data-id=\"7ef09a5\" data-element_type=\"widget\" data-widget_type=\"heading.default\">\n\t\t\t\t<div class=\"elementor-widget-container\">\n\t\t\t\t\t<h2 class=\"elementor-heading-title elementor-size-default\">Nuestra Iglesia<\/h2>\t\t\t\t<\/div>\n\t\t\t\t<\/div>\n\t\t\t\t<div class=\"elementor-element elementor-element-df3de83 elementor-widget elementor-widget-text-editor\" data-id=\"df3de83\" data-element_type=\"widget\" data-widget_type=\"text-editor.default\">\n\t\t\t\t<div class=\"elementor-widget-container\">\n\t\t\t\t\t\t\t\t\t<p>Formando parte de esta congregacion se complace en darle la bienvenida. Iglesia Cristiana Rios de Agua viva, Fundada en Octubre 1998. 100% Cristiana Evangelica Cristiana, Fundamento<br \/>Padre \u2013 Hijo \u2013 Espiritu Santo.<\/p><p>Vision dada por Dios a los hombres que Dios levanto en este gran ministerio.\u00a0<\/p><p>Somos una iglesia Celular con la Vision de Restaurar los hombres con Dios y crecimiento en la fe en Jesucristo y restaur Formando parte de esta congregacion se complace en darle la bienvenida. Rios de agua viva , Fundada en Octubre 1998. 100% Cristiana Evangelica Cristiana, Fundamento<\/p>\t\t\t\t\t\t\t\t<\/div>\n\t\t\t\t<\/div>\n\t\t\t\t<div class=\"elementor-element elementor-element-b2dbd57 elementor-absolute elementor-widget elementor-widget-image\" data-id=\"b2dbd57\" data-element_type=\"widget\" data-settings=\"{&quot;_position&quot;:&quot;absolute&quot;}\" data-widget_type=\"image.default\">\n\t\t\t\t<div class=\"elementor-widget-container\">\n\t\t\t\t\t\t\t\t\t\t\t\t\t\t\t<img decoding=\"async\" src=\"https:\/\/radiomvida.com\/wp-content\/uploads\/elementor\/thumbs\/Imagen-de-WhatsApp-2025-08-29-a-las-13.09.01_f68aa563-rdvtktvvzlu21dz6589xq53msiwxtri3pa4rjk5uts.jpg\" title=\"Imagen de WhatsApp 2025-08-29 a las 13.09.01_f68aa563\" alt=\"Imagen de WhatsApp 2025-08-29 a las 13.09.01_f68aa563\" loading=\"lazy\" \/>\t\t\t\t\t\t\t\t\t\t\t\t\t\t\t<\/div>\n\t\t\t\t<\/div>\n\t\t\t\t\t<\/div>\n\t\t<\/div>\n\t\t\t\t\t<\/div>\n\t\t<\/section>\n\t\t\t\t<section class=\"has_eae_slider elementor-section elementor-top-section elementor-element elementor-element-3933bdc elementor-section-height-min-height elementor-section-boxed elementor-section-height-default elementor-section-items-middle\" data-eae-slider=\"26613\" data-id=\"3933bdc\" data-element_type=\"section\" data-settings=\"{&quot;background_background&quot;:&quot;classic&quot;}\">\n\t\t\t\t\t\t<div class=\"elementor-container elementor-column-gap-default\">\n\t\t\t\t\t<div class=\"has_eae_slider elementor-column elementor-col-50 elementor-top-column elementor-element elementor-element-71464f6\" data-eae-slider=\"89180\" data-id=\"71464f6\" data-element_type=\"column\">\n\t\t\t<div class=\"elementor-widget-wrap elementor-element-populated\">\n\t\t\t\t\t\t<div class=\"elementor-element elementor-element-c9d3230 elementor-widget elementor-widget-heading\" data-id=\"c9d3230\" data-element_type=\"widget\" data-widget_type=\"heading.default\">\n\t\t\t\t<div class=\"elementor-widget-container\">\n\t\t\t\t\t<h2 class=\"elementor-heading-title elementor-size-default\">Nuestras puertas est\u00e1n abiertas para ti<\/h2>\t\t\t\t<\/div>\n\t\t\t\t<\/div>\n\t\t\t\t<div class=\"elementor-element elementor-element-09ee396 elementor-widget elementor-widget-text-editor\" data-id=\"09ee396\" data-element_type=\"widget\" data-widget_type=\"text-editor.default\">\n\t\t\t\t<div class=\"elementor-widget-container\">\n\t\t\t\t\t\t\t\t\t<p>Somos una iglesia que ama a Dios y a las personas. Nuestro prop\u00f3sito es el de dar a conocer a Cristo como nuestro \u00fanico Salvador, hacer discipulos y compartir su amor los unos con los otros.<\/p>\t\t\t\t\t\t\t\t<\/div>\n\t\t\t\t<\/div>\n\t\t\t\t<div class=\"elementor-element elementor-element-b8f6def elementor-widget elementor-widget-text-editor\" data-id=\"b8f6def\" data-element_type=\"widget\" data-widget_type=\"text-editor.default\">\n\t\t\t\t<div class=\"elementor-widget-container\">\n\t\t\t\t\t\t\t\t\t<p>Nuestra congregaci\u00f3n est\u00e1 compuesta de m\u00faltiples nacionalidades de habla hispana.Quisi\u00e9ramos que usted nos d\u00e9 la oportunidad de conocerle y hacerle sentir como en su casa.\u201cY conocer\u00e9is la verdad, y la verdad os har\u00e1 libres\u201d\u00a0Jn. 8:32<\/p>\t\t\t\t\t\t\t\t<\/div>\n\t\t\t\t<\/div>\n\t\t\t\t\t<\/div>\n\t\t<\/div>\n\t\t\t\t<div class=\"has_eae_slider elementor-column elementor-col-50 elementor-top-column elementor-element elementor-element-2e1db11\" data-eae-slider=\"75292\" data-id=\"2e1db11\" data-element_type=\"column\">\n\t\t\t<div class=\"elementor-widget-wrap elementor-element-populated\">\n\t\t\t\t\t\t<div class=\"elementor-element elementor-element-1ddb455 elementor-widget elementor-widget-image\" data-id=\"1ddb455\" data-element_type=\"widget\" data-widget_type=\"image.default\">\n\t\t\t\t<div class=\"elementor-widget-container\">\n\t\t\t\t\t\t\t\t\t\t\t\t\t\t\t<img decoding=\"async\" src=\"https:\/\/radiomvida.com\/wp-content\/uploads\/elementor\/thumbs\/Imagen-de-WhatsApp-2025-08-29-a-las-13.09.07_d38f9944-rdvyz7wd6y4gh9uro4i51pfwy742nz1ax3ygopno30.jpg\" title=\"Imagen de WhatsApp 2025-08-29 a las 13.09.07_d38f9944\" alt=\"Imagen de WhatsApp 2025-08-29 a las 13.09.07_d38f9944\" loading=\"lazy\" \/>\t\t\t\t\t\t\t\t\t\t\t\t\t\t\t<\/div>\n\t\t\t\t<\/div>\n\t\t\t\t<div class=\"elementor-element elementor-element-1c6804c elementor-absolute elementor-widget elementor-widget-image\" data-id=\"1c6804c\" data-element_type=\"widget\" data-settings=\"{&quot;_position&quot;:&quot;absolute&quot;}\" data-widget_type=\"image.default\">\n\t\t\t\t<div class=\"elementor-widget-container\">\n\t\t\t\t\t\t\t\t\t\t\t\t\t\t\t<img decoding=\"async\" src=\"https:\/\/radiomvida.com\/wp-content\/uploads\/elementor\/thumbs\/Imagen-de-WhatsApp-2025-10-26-a-las-10.19.12_e6b8d851-rdvz03uttj5k10bqv50p8d41laf3y1qljt97s0mg5s.jpg\" title=\"Imagen de WhatsApp 2025-10-26 a las 10.19.12_e6b8d851\" alt=\"Imagen de WhatsApp 2025-10-26 a las 10.19.12_e6b8d851\" loading=\"lazy\" \/>\t\t\t\t\t\t\t\t\t\t\t\t\t\t\t<\/div>\n\t\t\t\t<\/div>\n\t\t\t\t\t<\/div>\n\t\t<\/div>\n\t\t\t\t\t<\/div>\n\t\t<\/section>\n\t\t\t\t<\/div>\n\t\t","protected":false},"excerpt":{"rendered":"<p>IGLESIA RIOS DE AGUA VIVA RADIO M VIDA Nuestra Iglesia Formando parte de esta congregacion se complace en darle la bienvenida. Iglesia Cristiana Rios de Agua viva, Fundada en Octubre 1998. 100% Cristiana Evangelica Cristiana, FundamentoPadre \u2013 Hijo \u2013 Espiritu Santo. Vision dada por Dios a los hombres que Dios levanto en este gran ministerio.\u00a0 [&hellip;]<\/p>\n","protected":false},"author":1,"featured_media":0,"parent":0,"menu_order":0,"comment_status":"closed","ping_status":"closed","template":"elementor_header_footer","meta":{"footnotes":""},"class_list":["post-4645","page","type-page","status-publish","hentry"],"_links":{"self":[{"href":"https:\/\/radiomvida.com\/index.php?rest_route=\/wp\/v2\/pages\/4645","targetHints":{"allow":["GET"]}}],"collection":[{"href":"https:\/\/radiomvida.com\/index.php?rest_route=\/wp\/v2\/pages"}],"about":[{"href":"https:\/\/radiomvida.com\/index.php?rest_route=\/wp\/v2\/types\/page"}],"author":[{"embeddable":true,"href":"https:\/\/radiomvida.com\/index.php?rest_route=\/wp\/v2\/users\/1"}],"replies":[{"embeddable":true,"href":"https:\/\/radiomvida.com\/index.php?rest_route=%2Fwp%2Fv2%2Fcomments&post=4645"}],"version-history":[{"count":25,"href":"https:\/\/radiomvida.com\/index.php?rest_route=\/wp\/v2\/pages\/4645\/revisions"}],"predecessor-version":[{"id":4851,"href":"https:\/\/radiomvida.com\/index.php?rest_route=\/wp\/v2\/pages\/4645\/revisions\/4851"}],"wp:attachment":[{"href":"https:\/\/radiomvida.com\/index.php?rest_route=%2Fwp%2Fv2%2Fmedia&parent=4645"}],"curies":[{"name":"wp","href":"https:\/\/api.w.org\/{rel}","templated":true}]}}